{"id":983,"date":"2019-01-31T08:18:28","date_gmt":"2019-01-31T07:18:28","guid":{"rendered":"https:\/\/berthavonsuttner.wordpress.com\/?page_id=983"},"modified":"2019-01-31T08:18:28","modified_gmt":"2019-01-31T07:18:28","slug":"trixitt","status":"publish","type":"page","link":"https:\/\/www.bvs-gms.de\/?page_id=983","title":{"rendered":"TRIXITT"},"content":{"rendered":"<p>&nbsp;<\/p>\n<p><a href=\"https:\/\/trixitt.de\/\" target=\"_blank\" rel=\"noopener noreferrer\"><img loading=\"lazy\" decoding=\"async\" src=\"http:\/\/www.bvs-gms.de\/wp-content\/uploads\/2019\/01\/cropped-trixitt-logo-2018-weiss-e1526151890847-2-e1548920133956.png\" class=\"alignnone size-full wp-image-989\" alt=\"cropped-trixitt-logo-2018-weiss-e1526151890847-2.png\" width=\"142\" height=\"80\"><\/a><\/p>\n<p style=\"text-align:justify;\">Welches Kind klettert in seiner Freizeit noch auf B\u00e4ume? Wo findet man noch Gummitwist, Seilchenspringen oder Versteckspielen? Gibt es eigentlich noch Stra\u00dfenfu\u00dfball? Mit diesen Fragen startete TRIXITT 2013 auf Bolzpl\u00e4tzen und in Schulen des Ruhrgebiets.<\/p>\n<h5 style=\"text-align:justify;\">VOM STRA\u00dfENFU\u00dfBALL ZUM SPORT-EVENT: TRIXITT SORGT F\u00dcR BEWEGUNG<\/h5>\n<p style=\"text-align:justify;\">Mittlerweile hat sich TRIXITT, das Fu\u00dfball-Projekt von damals, in viele Richtungen entwickelt. TRIXITT hat sich in Vereinen als Fu\u00dfball-Event etabliert, sorgt als Schulsport-Event in Grund- und weiterf\u00fchrenden Schulen f\u00fcr Freude bei Sch\u00fcler*innen und wird seit vielen Jahren als AG gespielt. Auch im offenen Ganztag sind unsere Projekte und Events eine spannende Abwechslung zum Schul- oder Ferienalltag.<\/p>\n<p style=\"text-align:justify;\">Wir freuen uns sehr, TRIXITT als Partner gewonnen zu haben und freuen uns auf die anstehenden Projekte.<\/p>\n<p style=\"text-align:justify;\">Mehr Infos zu TRIXITT finden Sie hier: https:\/\/trixitt.de\/<\/p>\n","protected":false},"excerpt":{"rendered":"<p>&nbsp; Welches Kind klettert in seiner Freizeit noch auf B\u00e4ume? Wo findet man noch Gummitwist, Seilchenspringen oder Versteckspielen? Gibt es eigentlich noch Stra\u00dfenfu\u00dfball? Mit diesen Fragen startete TRIXITT 2013 auf Bolzpl\u00e4tzen und in Schulen des Ruhrgebiets. VOM STRA\u00dfENFU\u00dfBALL ZUM SPORT-EVENT:<\/p>\n","protected":false},"author":1,"featured_media":0,"parent":0,"menu_order":0,"comment_status":"closed","ping_status":"closed","template":"","meta":{"_monsterinsights_skip_tracking":false,"_monsterinsights_sitenote_active":false,"_monsterinsights_sitenote_note":"","_monsterinsights_sitenote_category":0,"footnotes":""},"class_list":["post-983","page","type-page","status-publish","hentry"],"aioseo_notices":[],"_links":{"self":[{"href":"https:\/\/www.bvs-gms.de\/index.php?rest_route=\/wp\/v2\/pages\/983","targetHints":{"allow":["GET"]}}],"collection":[{"href":"https:\/\/www.bvs-gms.de\/index.php?rest_route=\/wp\/v2\/pages"}],"about":[{"href":"https:\/\/www.bvs-gms.de\/index.php?rest_route=\/wp\/v2\/types\/page"}],"author":[{"embeddable":true,"href":"https:\/\/www.bvs-gms.de\/index.php?rest_route=\/wp\/v2\/users\/1"}],"replies":[{"embeddable":true,"href":"https:\/\/www.bvs-gms.de\/index.php?rest_route=%2Fwp%2Fv2%2Fcomments&post=983"}],"version-history":[{"count":0,"href":"https:\/\/www.bvs-gms.de\/index.php?rest_route=\/wp\/v2\/pages\/983\/revisions"}],"wp:attachment":[{"href":"https:\/\/www.bvs-gms.de\/index.php?rest_route=%2Fwp%2Fv2%2Fmedia&parent=983"}],"curies":[{"name":"wp","href":"https:\/\/api.w.org\/{rel}","templated":true}]}}