{"id":919,"date":"2018-12-19T08:25:17","date_gmt":"2018-12-19T07:25:17","guid":{"rendered":"https:\/\/berthavonsuttner.wordpress.com\/?page_id=919"},"modified":"2018-12-19T08:25:17","modified_gmt":"2018-12-19T07:25:17","slug":"angebote-am-nachmittag","status":"publish","type":"page","link":"https:\/\/www.bvs-gms.de\/?page_id=919","title":{"rendered":"Angebote am Nachmittag"},"content":{"rendered":"<p>Unsere Sch\u00fclerinnen und Sch\u00fcler werden am Nachmittag durch verschiedene Angebote gef\u00f6rdert. Sprechen Sie uns an, um mehr dar\u00fcber zu erfahren.<\/p>\n","protected":false},"excerpt":{"rendered":"<p>Unsere Sch\u00fclerinnen und Sch\u00fcler werden am Nachmittag durch verschiedene Angebote gef\u00f6rdert. Sprechen Sie uns an, um mehr dar\u00fcber zu erfahren.<\/p>\n","protected":false},"author":1,"featured_media":0,"parent":0,"menu_order":0,"comment_status":"closed","ping_status":"closed","template":"","meta":{"_monsterinsights_skip_tracking":false,"_monsterinsights_sitenote_active":false,"_monsterinsights_sitenote_note":"","_monsterinsights_sitenote_category":0,"footnotes":""},"class_list":["post-919","page","type-page","status-publish","hentry"],"aioseo_notices":[],"_links":{"self":[{"href":"https:\/\/www.bvs-gms.de\/index.php?rest_route=\/wp\/v2\/pages\/919","targetHints":{"allow":["GET"]}}],"collection":[{"href":"https:\/\/www.bvs-gms.de\/index.php?rest_route=\/wp\/v2\/pages"}],"about":[{"href":"https:\/\/www.bvs-gms.de\/index.php?rest_route=\/wp\/v2\/types\/page"}],"author":[{"embeddable":true,"href":"https:\/\/www.bvs-gms.de\/index.php?rest_route=\/wp\/v2\/users\/1"}],"replies":[{"embeddable":true,"href":"https:\/\/www.bvs-gms.de\/index.php?rest_route=%2Fwp%2Fv2%2Fcomments&post=919"}],"version-history":[{"count":0,"href":"https:\/\/www.bvs-gms.de\/index.php?rest_route=\/wp\/v2\/pages\/919\/revisions"}],"wp:attachment":[{"href":"https:\/\/www.bvs-gms.de\/index.php?rest_route=%2Fwp%2Fv2%2Fmedia&parent=919"}],"curies":[{"name":"wp","href":"https:\/\/api.w.org\/{rel}","templated":true}]}}