{"id":916,"date":"2018-12-19T08:25:17","date_gmt":"2018-12-19T07:25:17","guid":{"rendered":"https:\/\/berthavonsuttner.wordpress.com\/?page_id=916"},"modified":"2018-12-19T08:25:17","modified_gmt":"2018-12-19T07:25:17","slug":"verein-fuer-gemeinschaftsschule","status":"publish","type":"page","link":"https:\/\/www.bvs-gms.de\/?page_id=916","title":{"rendered":"Verein f\u00fcr  Gemeinschaftsschulen"},"content":{"rendered":"<p style=\"text-align:justify;\">Der Verein f\u00fcr Gemeinschaftsschulen in Baden-W\u00fcrttemberg vertritt die Interessen dieser Schulart seit 2013.<br \/>\n\u00dcber die H\u00e4lfte der GMS-Rektoren, zahlreiche Eltern, Lehrkr\u00e4fte sowie weitere Interessierte geh\u00f6ren dem Verein als Mitglied an oder sind ihm als Unterst\u00fctzer eng verbunden.<\/p>\n<p style=\"text-align:justify;\">Wir freuen uns sehr dar\u00fcber Mitglied im Verein f\u00fcr Gemeinschaftsschulen zu sein. Mehr Informationen finden Sie hier:<\/p>\n<p>https:\/\/www.verein-gemeinschaftsschulen-bw.org\/<\/p>\n","protected":false},"excerpt":{"rendered":"<p>Der Verein f\u00fcr Gemeinschaftsschulen in Baden-W\u00fcrttemberg vertritt die Interessen dieser Schulart seit 2013. \u00dcber die H\u00e4lfte der GMS-Rektoren, zahlreiche Eltern, Lehrkr\u00e4fte sowie weitere Interessierte geh\u00f6ren dem Verein als Mitglied an oder sind ihm als Unterst\u00fctzer eng verbunden. Wir freuen uns<\/p>\n","protected":false},"author":1,"featured_media":0,"parent":0,"menu_order":0,"comment_status":"closed","ping_status":"closed","template":"","meta":{"_monsterinsights_skip_tracking":false,"_monsterinsights_sitenote_active":false,"_monsterinsights_sitenote_note":"","_monsterinsights_sitenote_category":0,"footnotes":""},"class_list":["post-916","page","type-page","status-publish","hentry"],"aioseo_notices":[],"_links":{"self":[{"href":"https:\/\/www.bvs-gms.de\/index.php?rest_route=\/wp\/v2\/pages\/916","targetHints":{"allow":["GET"]}}],"collection":[{"href":"https:\/\/www.bvs-gms.de\/index.php?rest_route=\/wp\/v2\/pages"}],"about":[{"href":"https:\/\/www.bvs-gms.de\/index.php?rest_route=\/wp\/v2\/types\/page"}],"author":[{"embeddable":true,"href":"https:\/\/www.bvs-gms.de\/index.php?rest_route=\/wp\/v2\/users\/1"}],"replies":[{"embeddable":true,"href":"https:\/\/www.bvs-gms.de\/index.php?rest_route=%2Fwp%2Fv2%2Fcomments&post=916"}],"version-history":[{"count":0,"href":"https:\/\/www.bvs-gms.de\/index.php?rest_route=\/wp\/v2\/pages\/916\/revisions"}],"wp:attachment":[{"href":"https:\/\/www.bvs-gms.de\/index.php?rest_route=%2Fwp%2Fv2%2Fmedia&parent=916"}],"curies":[{"name":"wp","href":"https:\/\/api.w.org\/{rel}","templated":true}]}}