{"id":862,"date":"2018-11-28T00:34:10","date_gmt":"2018-11-27T23:34:10","guid":{"rendered":"https:\/\/berthavonsuttner.wordpress.com\/?page_id=862"},"modified":"2021-02-14T20:25:17","modified_gmt":"2021-02-14T19:25:17","slug":"ueber-uns-2","status":"publish","type":"page","link":"https:\/\/www.bvs-gms.de\/?page_id=862","title":{"rendered":"\u00dcber uns"},"content":{"rendered":"<h3>Bertha-von-Suttner-Gemeinschaftsschule Stuttgart-Freiberg<\/h3>\n<p>Adalbert-Stifter-Stra\u00dfe 40<br \/>70437 Stuttgart<\/p>\n<p>Stra\u00dfenbahnhaltestelle: Suttnerstra\u00dfe (Linie U7)<\/p>\n<p>Tel: 0711 &#8211; 216 &#8211; 8987-0<br \/>Fax: 0711 &#8211; 216 &#8211; 8987-1<\/p>\n<p>E-Mail:\u00a0 po&#115;&#116;&#x73;&#x74;&#x65;&#x6c;le&#46;&#98;&#x76;&#x73;&#x40;&#x73;tu&#116;&#116;&#103;&#x61;&#x72;&#x74;&#x2e;de<br \/>Web: www.bvs-gms.com \/ www.bvs-gms.de<\/p>\n<p>Stra\u00dfenbahnhaltestelle: Suttnerstra\u00dfe (Linie U7)<\/p>\n\n\n<p><\/p>\n","protected":false},"excerpt":{"rendered":"<p>Bertha-von-Suttner-Gemeinschaftsschule Stuttgart-Freiberg Adalbert-Stifter-Stra\u00dfe 4070437 Stuttgart Stra\u00dfenbahnhaltestelle: Suttnerstra\u00dfe (Linie U7) Tel: 0711 &#8211; 216 &#8211; 8987-0Fax: 0711 &#8211; 216 &#8211; 8987-1 E-Mail:\u00a0 &#x70;&#x6f;&#115;t&#x73;&#x74;&#101;ll&#x65;&#x2e;&#98;v&#x73;&#x40;&#115;&#116;u&#x74;&#x74;&#103;a&#x72;&#x74;&#46;&#100;eWeb: www.bvs-gms.com \/ www.bvs-gms.de Stra\u00dfenbahnhaltestelle: Suttnerstra\u00dfe (Linie U7)<\/p>\n","protected":false},"author":1,"featured_media":0,"parent":0,"menu_order":0,"comment_status":"closed","ping_status":"closed","template":"","meta":{"_monsterinsights_skip_tracking":false,"_monsterinsights_sitenote_active":false,"_monsterinsights_sitenote_note":"","_monsterinsights_sitenote_category":0,"footnotes":""},"class_list":["post-862","page","type-page","status-publish","hentry"],"aioseo_notices":[],"_links":{"self":[{"href":"https:\/\/www.bvs-gms.de\/index.php?rest_route=\/wp\/v2\/pages\/862","targetHints":{"allow":["GET"]}}],"collection":[{"href":"https:\/\/www.bvs-gms.de\/index.php?rest_route=\/wp\/v2\/pages"}],"about":[{"href":"https:\/\/www.bvs-gms.de\/index.php?rest_route=\/wp\/v2\/types\/page"}],"author":[{"embeddable":true,"href":"https:\/\/www.bvs-gms.de\/index.php?rest_route=\/wp\/v2\/users\/1"}],"replies":[{"embeddable":true,"href":"https:\/\/www.bvs-gms.de\/index.php?rest_route=%2Fwp%2Fv2%2Fcomments&post=862"}],"version-history":[{"count":1,"href":"https:\/\/www.bvs-gms.de\/index.php?rest_route=\/wp\/v2\/pages\/862\/revisions"}],"predecessor-version":[{"id":2845,"href":"https:\/\/www.bvs-gms.de\/index.php?rest_route=\/wp\/v2\/pages\/862\/revisions\/2845"}],"wp:attachment":[{"href":"https:\/\/www.bvs-gms.de\/index.php?rest_route=%2Fwp%2Fv2%2Fmedia&parent=862"}],"curies":[{"name":"wp","href":"https:\/\/api.w.org\/{rel}","templated":true}]}}