{"id":839,"date":"2018-11-27T11:14:41","date_gmt":"2018-11-27T10:14:41","guid":{"rendered":"https:\/\/berthavonsuttner.wordpress.com\/?page_id=829"},"modified":"2018-11-27T11:14:41","modified_gmt":"2018-11-27T10:14:41","slug":"agentur-fuer-arbeit","status":"publish","type":"page","link":"https:\/\/www.bvs-gms.de\/?page_id=839","title":{"rendered":"Agentur f\u00fcr Arbeit"},"content":{"rendered":"<p>Wir freuen uns sehr dar\u00fcber, die Agentur f\u00fcr Arbeit als Kooperationspartner an unserer Schule zu haben. Weitere Informationen finden Sie hier:<\/p>\n<p><a title=\"Informationen zur Studien- und Schulberatung an Ihrer Schule finden Sie hier. Sie gelangen auf das Angebot der Bundesagentur f\u00fcr Arbeit\" href=\"https:\/\/www.arbeitsagentur.de\/vor-ort\/stuttgart\/content\/1533727583522?pk_campaign=schulwebsite\"><img decoding=\"async\" src=\"https:\/\/www.arbeitsagentur.de\/vor-ort\/stuttgart\/media\/l\/schul-bild-banner\" alt=\"Informationen zur Studien- und Schulberatung an Ihrer Schule finden Sie hier. informieren sie sich auf der Seite der Bundesagentur f\u00fcr Arbeit\" width=\"100%\" height=\"auto\" \/><\/a><\/p>\n<p><a title=\"Anmeldebogen Berufsberatung\" href=\"http:\/\/www.bvs-gms.de\/wp-content\/uploads\/2019\/11\/anmeldebogen-berufsberatung.pdf\">Hier findest du einen Anmeldebogen f\u00fcr die Berufsberatung. Drucke ihn aus und schicke ihn mit der Post los!<\/a><\/p>\n<p><a href=\"http:\/\/www.bvs-gms.de\/wp-content\/uploads\/2019\/11\/die-wichtigsten-schritte-bei-meiner-berufswahl-e1574864715762.jpg\"><img loading=\"lazy\" decoding=\"async\" class=\"alignnone size-large wp-image-1219\" src=\"http:\/\/www.bvs-gms.de\/wp-content\/uploads\/2019\/11\/die-wichtigsten-schritte-bei-meiner-berufswahl-e1574864715762.jpg?w=1024\" alt=\"Die wichtigsten Schritte bei meiner Berufswahl\" width=\"1024\" height=\"725\" \/><\/a><\/p>\n","protected":false},"excerpt":{"rendered":"<p>Wir freuen uns sehr dar\u00fcber, die Agentur f\u00fcr Arbeit als Kooperationspartner an unserer Schule zu haben. Weitere Informationen finden Sie hier: Hier findest du einen Anmeldebogen f\u00fcr die Berufsberatung. Drucke ihn aus und schicke ihn mit der Post los!<\/p>\n","protected":false},"author":1,"featured_media":0,"parent":0,"menu_order":0,"comment_status":"closed","ping_status":"closed","template":"","meta":{"_monsterinsights_skip_tracking":false,"_monsterinsights_sitenote_active":false,"_monsterinsights_sitenote_note":"","_monsterinsights_sitenote_category":0,"footnotes":""},"class_list":["post-839","page","type-page","status-publish","hentry"],"aioseo_notices":[],"_links":{"self":[{"href":"https:\/\/www.bvs-gms.de\/index.php?rest_route=\/wp\/v2\/pages\/839","targetHints":{"allow":["GET"]}}],"collection":[{"href":"https:\/\/www.bvs-gms.de\/index.php?rest_route=\/wp\/v2\/pages"}],"about":[{"href":"https:\/\/www.bvs-gms.de\/index.php?rest_route=\/wp\/v2\/types\/page"}],"author":[{"embeddable":true,"href":"https:\/\/www.bvs-gms.de\/index.php?rest_route=\/wp\/v2\/users\/1"}],"replies":[{"embeddable":true,"href":"https:\/\/www.bvs-gms.de\/index.php?rest_route=%2Fwp%2Fv2%2Fcomments&post=839"}],"version-history":[{"count":0,"href":"https:\/\/www.bvs-gms.de\/index.php?rest_route=\/wp\/v2\/pages\/839\/revisions"}],"wp:attachment":[{"href":"https:\/\/www.bvs-gms.de\/index.php?rest_route=%2Fwp%2Fv2%2Fmedia&parent=839"}],"curies":[{"name":"wp","href":"https:\/\/api.w.org\/{rel}","templated":true}]}}