{"id":817,"date":"2018-11-27T11:02:53","date_gmt":"2018-11-27T10:02:53","guid":{"rendered":"https:\/\/berthavonsuttner.wordpress.com\/?page_id=817"},"modified":"2018-11-27T11:02:53","modified_gmt":"2018-11-27T10:02:53","slug":"kooperationspartner","status":"publish","type":"page","link":"https:\/\/www.bvs-gms.de\/?page_id=817","title":{"rendered":"Kooperationspartner"},"content":{"rendered":"<p>Wir freuen uns dar\u00fcber, Ihnen eine Vielzahl an Kooperationspartnern vorstellen zu d\u00fcrfen. Bitte klicken Sie unter diesem Reiter auf einen der Partner, um n\u00e4here Informationen zu erhalten.<\/p>\n","protected":false},"excerpt":{"rendered":"<p>Wir freuen uns dar\u00fcber, Ihnen eine Vielzahl an Kooperationspartnern vorstellen zu d\u00fcrfen. Bitte klicken Sie unter diesem Reiter auf einen der Partner, um n\u00e4here Informationen zu erhalten.<\/p>\n","protected":false},"author":1,"featured_media":0,"parent":0,"menu_order":0,"comment_status":"closed","ping_status":"closed","template":"","meta":{"_monsterinsights_skip_tracking":false,"_monsterinsights_sitenote_active":false,"_monsterinsights_sitenote_note":"","_monsterinsights_sitenote_category":0,"footnotes":""},"class_list":["post-817","page","type-page","status-publish","hentry"],"aioseo_notices":[],"_links":{"self":[{"href":"https:\/\/www.bvs-gms.de\/index.php?rest_route=\/wp\/v2\/pages\/817","targetHints":{"allow":["GET"]}}],"collection":[{"href":"https:\/\/www.bvs-gms.de\/index.php?rest_route=\/wp\/v2\/pages"}],"about":[{"href":"https:\/\/www.bvs-gms.de\/index.php?rest_route=\/wp\/v2\/types\/page"}],"author":[{"embeddable":true,"href":"https:\/\/www.bvs-gms.de\/index.php?rest_route=\/wp\/v2\/users\/1"}],"replies":[{"embeddable":true,"href":"https:\/\/www.bvs-gms.de\/index.php?rest_route=%2Fwp%2Fv2%2Fcomments&post=817"}],"version-history":[{"count":0,"href":"https:\/\/www.bvs-gms.de\/index.php?rest_route=\/wp\/v2\/pages\/817\/revisions"}],"wp:attachment":[{"href":"https:\/\/www.bvs-gms.de\/index.php?rest_route=%2Fwp%2Fv2%2Fmedia&parent=817"}],"curies":[{"name":"wp","href":"https:\/\/api.w.org\/{rel}","templated":true}]}}