{"id":796,"date":"2018-11-26T09:09:22","date_gmt":"2018-11-26T08:09:22","guid":{"rendered":"https:\/\/berthavonsuttner.wordpress.com\/?page_id=796"},"modified":"2025-02-21T11:41:45","modified_gmt":"2025-02-21T10:41:45","slug":"handreichungen","status":"publish","type":"page","link":"https:\/\/www.bvs-gms.de\/?page_id=796","title":{"rendered":"Auf einen Blick"},"content":{"rendered":"<p>Das Kultusministerium stellt f\u00fcr Sie zahlreiche Brosch\u00fcren und Handreichungen zur Verf\u00fcgung. Diese befassen sich mit verschiedensten Themen der Gemeinschaftsschule. Wir m\u00f6chten Sie an dieser Stelle freundlich auf diese Verweisen, damit Sie Antworten auf alle Ihre Fragen bekommen. Klicken Sie einfach die dementsprechende Handreichung an und Sie werden direkt von uns weitergeleitet.<\/p>\n<p><a title=\"Die Gemeinschaftsschule in BW\" href=\"https:\/\/km.baden-wuerttemberg.de\/fileadmin\/redaktion\/m-km\/intern\/PDF\/Publikationen\/Gemeinschaftsschule\/2021_Die_Gemeinschaftsschule_in_Baden-W%C3%BCrttemberg_BROSCH%C3%9CRE.pdf\" target=\"_blank\" rel=\"noopener\">Brosch\u00fcre: Die Gemeinschaftsschule in Baden-W\u00fcrttemberg<\/a><\/p>\n<p><a class=\"link-download\" title=\"Flyer Gemeinschaftsschule\" href=\"https:\/\/km.baden-wuerttemberg.de\/fileadmin\/redaktion\/m-km\/intern\/PDF\/Dateien\/Gemeinschaftsschule\/2020_Flyer_GMS_in_BW_web_bf.pdf\" target=\"_blank\" rel=\"noopener\">Flyer: Gemeinschaftsschule<\/a><\/p>\n<p><a class=\"link-download\" title=\"Flyer Die Profilf\u00e4cher an der Gemeinschaftsschule\" href=\"https:\/\/km.baden-wuerttemberg.de\/fileadmin\/redaktion\/m-km\/intern\/PDF\/Dateien\/Gemeinschaftsschule\/2020_Die_Profilfaecher_an_der_GMS.pdf\" target=\"_blank\" rel=\"noopener\">Flyer: Die Profilf\u00e4cher an der Gemeinschaftsschule<\/a><\/p>\n<p><a class=\"link-download\" title=\"Flyer Die neuen Wahlpflichtf\u00e4cher\" href=\"https:\/\/km.baden-wuerttemberg.de\/fileadmin\/redaktion\/m-km\/intern\/PDF\/Dateien\/Gemeinschaftsschule\/2018_Die_neuen_Wahlpflichtf%C3%A4cher.pdf\" target=\"_blank\" rel=\"noopener\">Flyer: Die neuen Wahlpflichtf\u00e4cher<\/a><\/p>\n<p><a class=\"link-download\" title=\"Brosch\u00fcre Schullaufbahnentscheidung an der GMS\" href=\"https:\/\/km.baden-wuerttemberg.de\/fileadmin\/redaktion\/m-km\/intern\/PDF\/Dateien\/Gemeinschaftsschule\/2019_Schullaufbahnentscheidung_an_der_GMS_screen.pdf\" target=\"_blank\" rel=\"noopener\">Brosch\u00fcre: Schullaufbahnentscheidung an der Gemeinschaftsschule<\/a><\/p>\n<p class=\"link-download\"><a title=\"Coaching an der GMS\" href=\"https:\/\/km.baden-wuerttemberg.de\/fileadmin\/redaktion\/m-km\/intern\/PDF\/Dateien\/Gemeinschaftsschule\/2020-10-20-2-CoachinganGMS.pdf\" target=\"_self\" rel=\"noopener\">Brosch\u00fcre: Coaching an der Gemeinschaftsschule<\/a><\/p>\n<p><a class=\"link-download\" title=\"Lernentwicklungsbericht Gemeinschaftsschule\" href=\"https:\/\/km.baden-wuerttemberg.de\/fileadmin\/redaktion\/m-km\/intern\/PDF\/Dateien\/Gemeinschaftsschule\/Lernentwicklungsbericht_GMS.pdf\" target=\"_blank\" rel=\"noopener\">Brosch\u00fcre: Lernentwicklungsbericht<\/a><\/p>\n<p><a class=\"link-download\" title=\"Leistungsbeurteilung\" href=\"https:\/\/km.baden-wuerttemberg.de\/fileadmin\/redaktion\/m-km\/intern\/PDF\/Dateien\/Gemeinschaftsschule\/2018_Leistungsbeurteilung_GMS.pdf\" target=\"_blank\" rel=\"noopener\">Brosch\u00fcre: Leistungsfeststellung, Leistungsbeurteilung und Leistungsr\u00fcckmeldung<\/a><\/p>\n<p><a class=\"link-download\" title=\"Hinweise zu Kooperationen\" href=\"https:\/\/km.baden-wuerttemberg.de\/fileadmin\/redaktion\/m-km\/intern\/PDF\/Dateien\/Gemeinschaftsschule\/2015_06_29_Hinweise_zu_Kooperationen.pdf\" target=\"_blank\" rel=\"noopener\">Hinweise zu Kooperationen von Gemeinschaftsschulen und allgemein bildenden Gymnasien sowie beruflichen Schulen<\/a><\/p>\n<p><a class=\"link-download\" title=\"Handreichung\" href=\"https:\/\/km.baden-wuerttemberg.de\/fileadmin\/redaktion\/m-km\/intern\/PDF\/Dateien\/Gemeinschaftsschule\/2017_Handreichung_Kooperationen.pdf\" target=\"_blank\" rel=\"noopener\">Handreichung: Kooperationen zwischen Gemeinschaftsschulen und allgemein bildenden Gymnasien, Beruflichen Gymnasien sowie Gemeinschaftsschulen mit Oberstufe mit Umsetzungsbeispielen<\/a><\/p>\n<p><a class=\"link-download\" title=\"Handreichung Profilf\u00e4cher GMS\" href=\"https:\/\/km.baden-wuerttemberg.de\/fileadmin\/redaktion\/m-km\/intern\/PDF\/Dateien\/Gemeinschaftsschule\/20191016_HandreichungProfilfaecherMusikKunstSport.pdf\" target=\"_blank\" rel=\"noopener\">Handreichung zu den Profilf\u00e4chern Musik, Sport und Bildende Kunst an der Gemeinschaftsschule<\/a><\/p>\n<p class=\"link-download\"><a title=\"GMS - Selbstorganisiertes Lernen \" href=\"https:\/\/km.baden-wuerttemberg.de\/fileadmin\/redaktion\/m-km\/intern\/PDF\/Dateien\/Gemeinschaftsschule\/Selbstorganisiertes_Lernen_in_offenen_Unterrichtssituationen_an_Gemeinschaftsschulen.pdf\" target=\"_blank\" rel=\"noopener\">Selbstorganisiertes Lernen in offenen Unterrichtssituationen an Gemeinschaftsschulen<\/a><\/p>\n<p class=\"link-download\"><a title=\"GMS - Begabte, leistungsstarke und potenziell leistungsf\u00e4hige Sch\u00fclerinnen und Sch\u00fcler \" href=\"https:\/\/km.baden-wuerttemberg.de\/fileadmin\/redaktion\/m-km\/intern\/PDF\/Dateien\/Gemeinschaftsschule\/Begabte_leistungsstarke_und_potenziell_leistungsf%C3%A4hige_Sch%C3%BClerinnen_und_Sch%C3%BCler_an_der_GMS.pdf\" target=\"_blank\" rel=\"noopener\">Begabte, leistungsstarke und potenziell leistungsf\u00e4hige Sch\u00fclerinnen und Sch\u00fcler an Gemeinschaftsschulen<\/a><\/p>\n","protected":false},"excerpt":{"rendered":"<p>Das Kultusministerium stellt f\u00fcr Sie zahlreiche Brosch\u00fcren und Handreichungen zur Verf\u00fcgung. Diese befassen sich mit verschiedensten Themen der Gemeinschaftsschule. Wir m\u00f6chten Sie an dieser Stelle freundlich auf diese Verweisen, damit Sie Antworten auf alle Ihre Fragen bekommen. Klicken Sie einfach<\/p>\n","protected":false},"author":1,"featured_media":0,"parent":0,"menu_order":0,"comment_status":"closed","ping_status":"closed","template":"","meta":{"_monsterinsights_skip_tracking":false,"_monsterinsights_sitenote_active":false,"_monsterinsights_sitenote_note":"","_monsterinsights_sitenote_category":0,"footnotes":""},"class_list":["post-796","page","type-page","status-publish","hentry"],"aioseo_notices":[],"_links":{"self":[{"href":"https:\/\/www.bvs-gms.de\/index.php?rest_route=\/wp\/v2\/pages\/796","targetHints":{"allow":["GET"]}}],"collection":[{"href":"https:\/\/www.bvs-gms.de\/index.php?rest_route=\/wp\/v2\/pages"}],"about":[{"href":"https:\/\/www.bvs-gms.de\/index.php?rest_route=\/wp\/v2\/types\/page"}],"author":[{"embeddable":true,"href":"https:\/\/www.bvs-gms.de\/index.php?rest_route=\/wp\/v2\/users\/1"}],"replies":[{"embeddable":true,"href":"https:\/\/www.bvs-gms.de\/index.php?rest_route=%2Fwp%2Fv2%2Fcomments&post=796"}],"version-history":[{"count":2,"href":"https:\/\/www.bvs-gms.de\/index.php?rest_route=\/wp\/v2\/pages\/796\/revisions"}],"predecessor-version":[{"id":4022,"href":"https:\/\/www.bvs-gms.de\/index.php?rest_route=\/wp\/v2\/pages\/796\/revisions\/4022"}],"wp:attachment":[{"href":"https:\/\/www.bvs-gms.de\/index.php?rest_route=%2Fwp%2Fv2%2Fmedia&parent=796"}],"curies":[{"name":"wp","href":"https:\/\/api.w.org\/{rel}","templated":true}]}}