{"id":672,"date":"2018-09-10T18:08:44","date_gmt":"2018-09-10T16:08:44","guid":{"rendered":"https:\/\/berthavonsuttner.wordpress.com\/?page_id=672"},"modified":"2018-09-10T18:08:44","modified_gmt":"2018-09-10T16:08:44","slug":"ganztagsschulverband","status":"publish","type":"page","link":"https:\/\/www.bvs-gms.de\/?page_id=672","title":{"rendered":"Ganztagsschulverband"},"content":{"rendered":"<p><img loading=\"lazy\" decoding=\"async\" class=\"alignnone  wp-image-678\" src=\"http:\/\/www.bvs-gms.de\/wp-content\/uploads\/2018\/09\/ganztagsschulverband_www-1.jpg\" alt=\"ganztagsschulverband_www (1).jpg\" width=\"318\" height=\"346\" srcset=\"https:\/\/www.bvs-gms.de\/wp-content\/uploads\/2018\/09\/ganztagsschulverband_www-1.jpg 1024w, https:\/\/www.bvs-gms.de\/wp-content\/uploads\/2018\/09\/ganztagsschulverband_www-1-276x300.jpg 276w, https:\/\/www.bvs-gms.de\/wp-content\/uploads\/2018\/09\/ganztagsschulverband_www-1-941x1024.jpg 941w, https:\/\/www.bvs-gms.de\/wp-content\/uploads\/2018\/09\/ganztagsschulverband_www-1-768x836.jpg 768w\" sizes=\"auto, (max-width: 318px) 100vw, 318px\" \/><\/p>\n<p style=\"text-align:justify;\">Wir freuen uns sehr dar\u00fcber, dass wir Mitglied des <strong>Ganztagsschulverbandes<\/strong> sind, welcher sich f\u00fcr die Entwicklung der Ganztagsschulen in ganz Deutschland einsetzt. F\u00fcr mehr Informationen klicken sie\u00a0<strong><a href=\"https:\/\/www.ganztagsschulverband.de\/startseite.html\" target=\"_blank\" rel=\"noopener\">hier.<\/a><\/strong><\/p>\n","protected":false},"excerpt":{"rendered":"<p>Wir freuen uns sehr dar\u00fcber, dass wir Mitglied des Ganztagsschulverbandes sind, welcher sich f\u00fcr die Entwicklung der Ganztagsschulen in ganz Deutschland einsetzt. F\u00fcr mehr Informationen klicken sie\u00a0hier.<\/p>\n","protected":false},"author":1,"featured_media":0,"parent":0,"menu_order":0,"comment_status":"closed","ping_status":"closed","template":"","meta":{"_monsterinsights_skip_tracking":false,"_monsterinsights_sitenote_active":false,"_monsterinsights_sitenote_note":"","_monsterinsights_sitenote_category":0,"footnotes":""},"class_list":["post-672","page","type-page","status-publish","hentry"],"aioseo_notices":[],"_links":{"self":[{"href":"https:\/\/www.bvs-gms.de\/index.php?rest_route=\/wp\/v2\/pages\/672","targetHints":{"allow":["GET"]}}],"collection":[{"href":"https:\/\/www.bvs-gms.de\/index.php?rest_route=\/wp\/v2\/pages"}],"about":[{"href":"https:\/\/www.bvs-gms.de\/index.php?rest_route=\/wp\/v2\/types\/page"}],"author":[{"embeddable":true,"href":"https:\/\/www.bvs-gms.de\/index.php?rest_route=\/wp\/v2\/users\/1"}],"replies":[{"embeddable":true,"href":"https:\/\/www.bvs-gms.de\/index.php?rest_route=%2Fwp%2Fv2%2Fcomments&post=672"}],"version-history":[{"count":0,"href":"https:\/\/www.bvs-gms.de\/index.php?rest_route=\/wp\/v2\/pages\/672\/revisions"}],"wp:attachment":[{"href":"https:\/\/www.bvs-gms.de\/index.php?rest_route=%2Fwp%2Fv2%2Fmedia&parent=672"}],"curies":[{"name":"wp","href":"https:\/\/api.w.org\/{rel}","templated":true}]}}