{"id":653,"date":"2018-07-23T20:36:30","date_gmt":"2018-07-23T18:36:30","guid":{"rendered":"https:\/\/berthavonsuttner.wordpress.com\/?page_id=653"},"modified":"2018-07-23T20:36:30","modified_gmt":"2018-07-23T18:36:30","slug":"schuelermentorinnen","status":"publish","type":"page","link":"https:\/\/www.bvs-gms.de\/?page_id=653","title":{"rendered":"Sch\u00fclermentorInnen"},"content":{"rendered":"<p>&nbsp;<\/p>\n<p><img loading=\"lazy\" decoding=\"async\" class=\"alignnone  wp-image-662\" src=\"http:\/\/www.bvs-gms.de\/wp-content\/uploads\/2018\/07\/ejus_logo_80px.png\" alt=\"EJUS_Logo_80px\" width=\"169\" height=\"96\" \/><\/p>\n<h2><strong>Junior-Sch\u00fclermentorInnen-Programm <\/strong><\/h2>\n<h4><strong>\u201eFairness + Integration\u201c<\/strong><\/h4>\n<h4><strong>In Kooperation mit der Evangelischen Jugend Stuttgart (EJUS)<\/strong><\/h4>\n<p style=\"text-align:justify;\">Interessierte Sch\u00fclerinnen und Sch\u00fcler erwerben sich Kompetenzen daf\u00fcr, in einem bestimmten Bereich von Schule, kirchlicher Jugendarbeit oder Gemeinwesen soziale Verantwortung zu \u00fcbernehmen und sich f\u00fcr Fairness und Integration einzusetzen.<\/p>\n<p style=\"text-align:justify;\">Sie eignen sich Grundkenntnisse der Gruppen-, Spiel- und Erlebnisp\u00e4dagogik an, lernen methodisches Arbeiten im Team, befassen sich mit (Schul-) Recht und Aufsichts\u00adpflicht und \u00fcben den Umgang mit Kindern und Jugendlichen bei der Durchf\u00fchrung von Gruppen\u00adstunden, Projekten und Aktionen. Sie besch\u00e4ftigen sich mit den Chancen der Vielfalt der Kulturen und mit der Entstehung von Achtung und Toleranz.<\/p>\n<p style=\"text-align:justify;\">Die Ausbildung richtet sich an Sch\u00fclerinnen und Sch\u00fcler der Klassen 8, die an ihrer Schule oder in der Evangelischen Jugend aktiv werden und sich f\u00fcr Fairness und Integration einsetzen wollen.<\/p>\n<p style=\"text-align:justify;\">Die qualifizierte Ausbildung, bestehend aus Seminar- und Praxisteilen, soll die Jugendlichen f\u00fcr diese Aufgaben bef\u00e4higen und zu eigener freiwilliger und selbst bestimmter T\u00e4tigkeit motivieren.<\/p>\n<p>Als Nachweis bekommen sie ein Zertifikat des Landes Baden-W\u00fcrttemberg.<\/p>\n<p>&nbsp;<\/p>\n<p>Weitere Informationen zur Schulbezogenen Jugendbildung der EJUS unter\u00a0 <a href=\"https:\/\/ejus-online.de\/wir-vor-ort\/#arbeitsbereiche\" target=\"_blank\" rel=\"noopener\">http:\/\/www.ejus-online.de\/<\/a><\/p>\n","protected":false},"excerpt":{"rendered":"<p>&nbsp; Junior-Sch\u00fclermentorInnen-Programm \u201eFairness + Integration\u201c In Kooperation mit der Evangelischen Jugend Stuttgart (EJUS) Interessierte Sch\u00fclerinnen und Sch\u00fcler erwerben sich Kompetenzen daf\u00fcr, in einem bestimmten Bereich von Schule, kirchlicher Jugendarbeit oder Gemeinwesen soziale Verantwortung zu \u00fcbernehmen und sich f\u00fcr Fairness und<\/p>\n","protected":false},"author":1,"featured_media":0,"parent":0,"menu_order":0,"comment_status":"closed","ping_status":"closed","template":"","meta":{"_monsterinsights_skip_tracking":false,"_monsterinsights_sitenote_active":false,"_monsterinsights_sitenote_note":"","_monsterinsights_sitenote_category":0,"footnotes":""},"class_list":["post-653","page","type-page","status-publish","hentry"],"aioseo_notices":[],"_links":{"self":[{"href":"https:\/\/www.bvs-gms.de\/index.php?rest_route=\/wp\/v2\/pages\/653","targetHints":{"allow":["GET"]}}],"collection":[{"href":"https:\/\/www.bvs-gms.de\/index.php?rest_route=\/wp\/v2\/pages"}],"about":[{"href":"https:\/\/www.bvs-gms.de\/index.php?rest_route=\/wp\/v2\/types\/page"}],"author":[{"embeddable":true,"href":"https:\/\/www.bvs-gms.de\/index.php?rest_route=\/wp\/v2\/users\/1"}],"replies":[{"embeddable":true,"href":"https:\/\/www.bvs-gms.de\/index.php?rest_route=%2Fwp%2Fv2%2Fcomments&post=653"}],"version-history":[{"count":0,"href":"https:\/\/www.bvs-gms.de\/index.php?rest_route=\/wp\/v2\/pages\/653\/revisions"}],"wp:attachment":[{"href":"https:\/\/www.bvs-gms.de\/index.php?rest_route=%2Fwp%2Fv2%2Fmedia&parent=653"}],"curies":[{"name":"wp","href":"https:\/\/api.w.org\/{rel}","templated":true}]}}