{"id":615,"date":"2018-07-22T14:41:39","date_gmt":"2018-07-22T12:41:39","guid":{"rendered":"https:\/\/berthavonsuttner.wordpress.com\/?page_id=615"},"modified":"2018-07-22T14:41:39","modified_gmt":"2018-07-22T12:41:39","slug":"ges","status":"publish","type":"page","link":"https:\/\/www.bvs-gms.de\/?page_id=615","title":{"rendered":"GES"},"content":{"rendered":"<p><img loading=\"lazy\" decoding=\"async\" class=\"alignnone size-full wp-image-620\" src=\"http:\/\/www.bvs-gms.de\/wp-content\/uploads\/2018\/07\/ges_logo_neu.jpg\" alt=\"GES_Logo_NEU\" width=\"2136\" height=\"1144\" srcset=\"https:\/\/www.bvs-gms.de\/wp-content\/uploads\/2018\/07\/ges_logo_neu.jpg 2136w, https:\/\/www.bvs-gms.de\/wp-content\/uploads\/2018\/07\/ges_logo_neu-300x161.jpg 300w, https:\/\/www.bvs-gms.de\/wp-content\/uploads\/2018\/07\/ges_logo_neu-1024x548.jpg 1024w, https:\/\/www.bvs-gms.de\/wp-content\/uploads\/2018\/07\/ges_logo_neu-768x411.jpg 768w, https:\/\/www.bvs-gms.de\/wp-content\/uploads\/2018\/07\/ges_logo_neu-1536x823.jpg 1536w, https:\/\/www.bvs-gms.de\/wp-content\/uploads\/2018\/07\/ges_logo_neu-2048x1097.jpg 2048w, https:\/\/www.bvs-gms.de\/wp-content\/uploads\/2018\/07\/ges_logo_neu-1568x840.jpg 1568w\" sizes=\"auto, (max-width: 2136px) 100vw, 2136px\" \/><\/p>\n<h2>Das Gemeinschaftserlebnis Sport<\/h2>\n<p><strong>Erziehung und Bildung durch Bewegung, Spiel und Sport<\/strong><\/p>\n<p style=\"text-align:justify;\">Sport- und Spielangebote an Gemeinschaftsschulen sind neue und additive Angebotsformen, die sich zwischen Schulsport und dem traditionellen Sport der Sportvereine entwickeln. Dies er\u00f6ffnet M\u00f6glichkeiten, Angebote zu entwickeln, die sich deutlich von der Systematik der bekannten Sportsysteme unterscheiden k\u00f6nnen \u2013 und dies auch sollen.<\/p>\n<p style=\"text-align:justify;\">In der Regel geht es um \u201eSport f\u00fcr alle\u201c. Dabei gilt es, unterschiedliche Interessen sowie Motivationslagen der meist sehr heterogenen Sch\u00fclergruppen zu erkennen und zu ber\u00fccksichtigen. Angebote an Gemeinschaftsschulen unterliegen besonderen Rahmenbedingungen und bed\u00fcrfen erh\u00f6hter p\u00e4dagogischer Anforderungen, die einen zus\u00e4tzlichen Qualifikationsbedarf mit sich bringen.<\/p>\n<p style=\"text-align:justify;\">Aufbauend auf diesen Grundannahmen und dem Erfahrungswissen von \u00fcber 20 Jahren praktischer Netzwerk-, Bildungs- und Betreuungsarbeit an der Schnittstelle \u201eSchule-Kinder und Jugendhilfe\u2013Sport\u201c hat das GES Leitlinien etabliert, die gelingende Angebote im Rahmen von au\u00dferunterrichtlichen sportp\u00e4dagogischen Bildungsangeboten im Rahmen der Gemeinschaftsschule erm\u00f6glichen<\/p>\n<p style=\"text-align:justify;\">In den sportp\u00e4dagogischen Angeboten kombiniert das GES schulische, sportliche und an Ma\u00dfst\u00e4ben der au\u00dferschulischen Kinder- und Jugendarbeit orientierte Vorstellungen von Bildung und Erziehung im und durch Sport.<\/p>\n<p style=\"text-align:justify;\">Die Gestaltung und Auswahl der Spiele ist dabei sehr teilnehmerorientiert. Das hei\u00dft, die Kinder werden in die Planung und Gestaltung miteinbezogen.<\/p>\n<p style=\"text-align:justify;\">F\u00fcr weitere Infos:<\/p>\n<p style=\"text-align:justify;\"><a href=\"http:\/\/www.gemeinschaftserlebnis-sport.de\/\" target=\"_blank\" rel=\"noopener\">www.gemeinschaftserlebnis-sport.de\/<\/a><\/p>\n<p>&nbsp;<\/p>\n","protected":false},"excerpt":{"rendered":"<p>Das Gemeinschaftserlebnis Sport Erziehung und Bildung durch Bewegung, Spiel und Sport Sport- und Spielangebote an Gemeinschaftsschulen sind neue und additive Angebotsformen, die sich zwischen Schulsport und dem traditionellen Sport der Sportvereine entwickeln. Dies er\u00f6ffnet M\u00f6glichkeiten, Angebote zu entwickeln, die sich<\/p>\n","protected":false},"author":1,"featured_media":0,"parent":0,"menu_order":0,"comment_status":"closed","ping_status":"closed","template":"","meta":{"_monsterinsights_skip_tracking":false,"_monsterinsights_sitenote_active":false,"_monsterinsights_sitenote_note":"","_monsterinsights_sitenote_category":0,"footnotes":""},"class_list":["post-615","page","type-page","status-publish","hentry"],"aioseo_notices":[],"_links":{"self":[{"href":"https:\/\/www.bvs-gms.de\/index.php?rest_route=\/wp\/v2\/pages\/615","targetHints":{"allow":["GET"]}}],"collection":[{"href":"https:\/\/www.bvs-gms.de\/index.php?rest_route=\/wp\/v2\/pages"}],"about":[{"href":"https:\/\/www.bvs-gms.de\/index.php?rest_route=\/wp\/v2\/types\/page"}],"author":[{"embeddable":true,"href":"https:\/\/www.bvs-gms.de\/index.php?rest_route=\/wp\/v2\/users\/1"}],"replies":[{"embeddable":true,"href":"https:\/\/www.bvs-gms.de\/index.php?rest_route=%2Fwp%2Fv2%2Fcomments&post=615"}],"version-history":[{"count":0,"href":"https:\/\/www.bvs-gms.de\/index.php?rest_route=\/wp\/v2\/pages\/615\/revisions"}],"wp:attachment":[{"href":"https:\/\/www.bvs-gms.de\/index.php?rest_route=%2Fwp%2Fv2%2Fmedia&parent=615"}],"curies":[{"name":"wp","href":"https:\/\/api.w.org\/{rel}","templated":true}]}}