{"id":572,"date":"2018-07-16T23:35:04","date_gmt":"2018-07-16T21:35:04","guid":{"rendered":"https:\/\/berthavonsuttner.wordpress.com\/?page_id=572"},"modified":"2018-07-16T23:35:04","modified_gmt":"2018-07-16T21:35:04","slug":"movedo","status":"publish","type":"page","link":"https:\/\/www.bvs-gms.de\/?page_id=572","title":{"rendered":"move&#038;do"},"content":{"rendered":"<p><img loading=\"lazy\" decoding=\"async\" class=\"alignnone wp-image-578\" src=\"http:\/\/www.bvs-gms.de\/wp-content\/uploads\/2018\/07\/md_logo_relief.png\" alt=\"md_logo_relief\" width=\"536\" height=\"175\" srcset=\"https:\/\/www.bvs-gms.de\/wp-content\/uploads\/2018\/07\/md_logo_relief.png 600w, https:\/\/www.bvs-gms.de\/wp-content\/uploads\/2018\/07\/md_logo_relief-300x98.png 300w\" sizes=\"auto, (max-width: 536px) 100vw, 536px\" \/><\/p>\n<p><strong>Wir freuen uns sehr, dass wir nun seit einigen\u00a0Jahren move&amp;do regelm\u00e4\u00dfig als Partner an unserer Schule haben.<\/strong><\/p>\n<p style=\"text-align:justify;\"><strong>move&amp;do<\/strong>\u00a0ist ein erlebnisp\u00e4dagogisches Programm, das sich zum Ziel gesetzt hat, junge Menschen in ihrem Selbstbewusstsein zu st\u00e4rken und deren Sozialkompetenz zu f\u00f6rdern. In gemeinsamer Tr\u00e4gerschaft von Sportkreis Stuttgart und Stuttgarter Jugendhausgesellschaft ist move&amp;do an der Schnittstelle von Sport und Jugendhilfe aktiv und kann auf ein gut ausgebautes Netzwerk aus Schulen, Jugendh\u00e4usern und Sportanbietern zur\u00fcckgreifen.<\/p>\n<p style=\"text-align:justify;\"><strong>move&amp;do<\/strong>\u00a0wird \u00fcberwiegend von Stuttgarter Schulen angefragt. Mit erlebnisp\u00e4dagogischen Methoden lernen die Sch\u00fcler Team-, und Kommunikationsf\u00e4higkeit, Konfliktl\u00f6sungsstrategien, gegenseitige Anerkennung und Toleranz. Verh\u00e4rtete Rollenmuster in den Klassenverb\u00e4nden brechen auf und durchmischen die Gruppen neu. Themen wie Gewalt, Mobbing, Defizite im sozialen Miteinander werden an die Oberfl\u00e4che gebracht, aufgearbeitet und nachhaltig verbessert. St\u00e4rken Einzelner treten hervor, sodass die Sch\u00fcler Selbstvertrauen in sich und ihre F\u00e4higkeiten erlangen. Dies f\u00fchrt zu einer St\u00e4rkung des Klassenverbandes. Der daraus resultierende effektivere Unterricht erzeugt zugleich positiveres Lernklima f\u00fcr Sch\u00fcler und Lehrer.<\/p>\n<p style=\"text-align:left;\">Alles Weitere ist unter\u00a0<a href=\"https:\/\/www.moveanddo.de\/start.html\" target=\"_blank\" rel=\"noopener\">https:\/\/www.moveanddo.de\/start.html<\/a>\u00a0zu finden.<\/p>\n","protected":false},"excerpt":{"rendered":"<p>Wir freuen uns sehr, dass wir nun seit einigen\u00a0Jahren move&amp;do regelm\u00e4\u00dfig als Partner an unserer Schule haben. move&amp;do\u00a0ist ein erlebnisp\u00e4dagogisches Programm, das sich zum Ziel gesetzt hat, junge Menschen in ihrem Selbstbewusstsein zu st\u00e4rken und deren Sozialkompetenz zu f\u00f6rdern. In<\/p>\n","protected":false},"author":1,"featured_media":0,"parent":0,"menu_order":0,"comment_status":"closed","ping_status":"closed","template":"","meta":{"_monsterinsights_skip_tracking":false,"_monsterinsights_sitenote_active":false,"_monsterinsights_sitenote_note":"","_monsterinsights_sitenote_category":0,"footnotes":""},"class_list":["post-572","page","type-page","status-publish","hentry"],"aioseo_notices":[],"_links":{"self":[{"href":"https:\/\/www.bvs-gms.de\/index.php?rest_route=\/wp\/v2\/pages\/572","targetHints":{"allow":["GET"]}}],"collection":[{"href":"https:\/\/www.bvs-gms.de\/index.php?rest_route=\/wp\/v2\/pages"}],"about":[{"href":"https:\/\/www.bvs-gms.de\/index.php?rest_route=\/wp\/v2\/types\/page"}],"author":[{"embeddable":true,"href":"https:\/\/www.bvs-gms.de\/index.php?rest_route=\/wp\/v2\/users\/1"}],"replies":[{"embeddable":true,"href":"https:\/\/www.bvs-gms.de\/index.php?rest_route=%2Fwp%2Fv2%2Fcomments&post=572"}],"version-history":[{"count":0,"href":"https:\/\/www.bvs-gms.de\/index.php?rest_route=\/wp\/v2\/pages\/572\/revisions"}],"wp:attachment":[{"href":"https:\/\/www.bvs-gms.de\/index.php?rest_route=%2Fwp%2Fv2%2Fmedia&parent=572"}],"curies":[{"name":"wp","href":"https:\/\/api.w.org\/{rel}","templated":true}]}}