{"id":527,"date":"2018-07-16T21:39:51","date_gmt":"2018-07-16T20:39:51","guid":{"rendered":"https:\/\/berthavonsuttner.wordpress.com\/?page_id=527"},"modified":"2022-04-04T10:27:19","modified_gmt":"2022-04-04T08:27:19","slug":"freiwilliges-soziales-schuljahr","status":"publish","type":"page","link":"https:\/\/www.bvs-gms.de\/?page_id=527","title":{"rendered":"Fssj"},"content":{"rendered":"<p><img loading=\"lazy\" decoding=\"async\" class=\"alignnone wp-image-3353 size-medium\" src=\"http:\/\/www.bvs-gms.de\/wp-content\/uploads\/2022\/04\/hej_logo_RGB_1200px-300x230.png\" alt=\"\" width=\"300\" height=\"230\" srcset=\"https:\/\/www.bvs-gms.de\/wp-content\/uploads\/2022\/04\/hej_logo_RGB_1200px-300x230.png 300w, https:\/\/www.bvs-gms.de\/wp-content\/uploads\/2022\/04\/hej_logo_RGB_1200px-1024x784.png 1024w, https:\/\/www.bvs-gms.de\/wp-content\/uploads\/2022\/04\/hej_logo_RGB_1200px-768x588.png 768w, https:\/\/www.bvs-gms.de\/wp-content\/uploads\/2022\/04\/hej_logo_RGB_1200px.png 1200w\" sizes=\"auto, (max-width: 300px) 100vw, 300px\" \/><\/p>\n<p class=\"article-teaser text\" style=\"text-align: justify;\"><strong>Im freiwilligen sozialen Schuljahr k\u00f6nnen sich Sch\u00fclerinnen und Sch\u00fcler\u00a0aus Stuttgarter Schulen f\u00fcr ein Schuljahr in einer sozialen Einrichtung engagieren.<\/strong><\/p>\n<p style=\"text-align: justify;\">Ein\u00a0<em>fssj <\/em>ist ab Klasse 7 m\u00f6glich, der T\u00e4tigkeitsumfang betr\u00e4gt 2 Stunden pro Woche. Du hast die Gelegenheit,\u00a0neue Lebenswelten kennenzulernen und Dich in einer freiwilligen T\u00e4tigkeit\u00a0auszuprobieren.<\/p>\n<p style=\"text-align: justify;\">Die Einsatzm\u00f6glichkeiten sind breit gef\u00e4chert und orientieren sich an Deinen Interessen: Kindertagesst\u00e4tten, Familienzentren, Einrichtungen der Altenpflege, Behindertenhilfe oder der Fl\u00fcchtlingshilfe, Sport- und\u00a0Tierprojekte\u00a0und vieles mehr.<\/p>\n<p><img loading=\"lazy\" decoding=\"async\" class=\"alignleft size-full wp-image-534\" src=\"http:\/\/www.bvs-gms.de\/wp-content\/uploads\/2018\/07\/logo_caleidoskop_200.jpg\" alt=\"Logo_Caleidoskop_200\" width=\"200\" height=\"63\" \/><\/p>\n<p>Eine von vielen Einsatzstellen ist das Freiwilligenzentrum Caleidoskop. N\u00e4here Infos findest du <a title=\"Flyer_fssj_2017\" href=\"http:\/\/www.bvs-gms.de\/wp-content\/uploads\/2018\/07\/flyer_fssj_2017.pdf\" target=\"_blank\" rel=\"noopener noreferrer\">hier.<\/a><\/p>\n<p>Weitere m\u00f6gliche Einsatzstellen kannst du hier entdecken:<\/p>\n<p><a href=\"https:\/\/www.caleidoskop-stuttgart.de\">https:\/\/www.caleidoskop-stuttgart.de<\/a><\/p>\n<p><iframe loading=\"lazy\" title=\"&quot;FSSJ&quot; - Freiwilliges Soziales Schuljahr der Caritas Stuttgart\" width=\"750\" height=\"422\" src=\"https:\/\/www.youtube.com\/embed\/3u95bsMCOZE?feature=oembed\" frameborder=\"0\" allow=\"accelerometer; autoplay; clipboard-write; encrypted-media; gyroscope; picture-in-picture\" allowfullscreen><\/iframe><\/p>\n","protected":false},"excerpt":{"rendered":"<p>Im freiwilligen sozialen Schuljahr k\u00f6nnen sich Sch\u00fclerinnen und Sch\u00fcler\u00a0aus Stuttgarter Schulen f\u00fcr ein Schuljahr in einer sozialen Einrichtung engagieren. Ein\u00a0fssj ist ab Klasse 7 m\u00f6glich, der T\u00e4tigkeitsumfang betr\u00e4gt 2 Stunden pro Woche. Du hast die Gelegenheit,\u00a0neue Lebenswelten kennenzulernen und Dich<\/p>\n","protected":false},"author":1,"featured_media":0,"parent":0,"menu_order":0,"comment_status":"closed","ping_status":"closed","template":"","meta":{"_monsterinsights_skip_tracking":false,"_monsterinsights_sitenote_active":false,"_monsterinsights_sitenote_note":"","_monsterinsights_sitenote_category":0,"footnotes":""},"class_list":["post-527","page","type-page","status-publish","hentry"],"aioseo_notices":[],"_links":{"self":[{"href":"https:\/\/www.bvs-gms.de\/index.php?rest_route=\/wp\/v2\/pages\/527","targetHints":{"allow":["GET"]}}],"collection":[{"href":"https:\/\/www.bvs-gms.de\/index.php?rest_route=\/wp\/v2\/pages"}],"about":[{"href":"https:\/\/www.bvs-gms.de\/index.php?rest_route=\/wp\/v2\/types\/page"}],"author":[{"embeddable":true,"href":"https:\/\/www.bvs-gms.de\/index.php?rest_route=\/wp\/v2\/users\/1"}],"replies":[{"embeddable":true,"href":"https:\/\/www.bvs-gms.de\/index.php?rest_route=%2Fwp%2Fv2%2Fcomments&post=527"}],"version-history":[{"count":1,"href":"https:\/\/www.bvs-gms.de\/index.php?rest_route=\/wp\/v2\/pages\/527\/revisions"}],"predecessor-version":[{"id":3354,"href":"https:\/\/www.bvs-gms.de\/index.php?rest_route=\/wp\/v2\/pages\/527\/revisions\/3354"}],"wp:attachment":[{"href":"https:\/\/www.bvs-gms.de\/index.php?rest_route=%2Fwp%2Fv2%2Fmedia&parent=527"}],"curies":[{"name":"wp","href":"https:\/\/api.w.org\/{rel}","templated":true}]}}