{"id":3593,"date":"2023-04-03T16:54:01","date_gmt":"2023-04-03T14:54:01","guid":{"rendered":"https:\/\/www.bvs-gms.de\/?page_id=3593"},"modified":"2024-03-05T07:38:46","modified_gmt":"2024-03-05T06:38:46","slug":"berufsberatung","status":"publish","type":"page","link":"https:\/\/www.bvs-gms.de\/?page_id=3593","title":{"rendered":"Berufsberatung"},"content":{"rendered":"\n<figure class=\"wp-block-image size-large\"><img loading=\"lazy\" decoding=\"async\" width=\"1024\" height=\"281\" src=\"https:\/\/www.bvs-gms.de\/wp-content\/uploads\/2023\/04\/schul-bild-banner_berufsberatung-1024x281.png\" alt=\"\" class=\"wp-image-3597\" srcset=\"https:\/\/www.bvs-gms.de\/wp-content\/uploads\/2023\/04\/schul-bild-banner_berufsberatung-1024x281.png 1024w, https:\/\/www.bvs-gms.de\/wp-content\/uploads\/2023\/04\/schul-bild-banner_berufsberatung-300x82.png 300w, https:\/\/www.bvs-gms.de\/wp-content\/uploads\/2023\/04\/schul-bild-banner_berufsberatung-768x211.png 768w, https:\/\/www.bvs-gms.de\/wp-content\/uploads\/2023\/04\/schul-bild-banner_berufsberatung.png 1200w\" sizes=\"auto, (max-width: 1024px) 100vw, 1024px\" \/><\/figure>\n\n\n\n<p>Sp\u00e4testens ab der neunten Klasse m\u00fcssen sich die Sch\u00fclerinnen und Sch\u00fcler \u00fcberlegen, wie es nach dem Hauptschulabschluss oder Realschulabschluss weiter gehen soll.<\/p>\n\n\n\n<p>Deshalb kooperiert die BvS mit Frau Wille von der Agentur f\u00fcr Arbeit. Sie ber\u00e4t unsere Sch\u00fclerinnen und Sch\u00fcler in allen wichtigen Fragen. Sie steht auch f\u00fcr pers\u00f6nliche Beratungen zur Verf\u00fcgung.<\/p>\n\n\n\n<p>Zur Anmeldung f\u00fcr weiterf\u00fchrende Schulen, bitte folgendes Formular herunterladen und ausf\u00fcllen.<\/p>\n\n\n\n<div class=\"wp-block-file\"><a id=\"wp-block-file--media-f7fb972e-c399-43c5-b907-12310239bd4c\" href=\"https:\/\/www.bvs-gms.de\/wp-content\/uploads\/2024\/03\/Anmeldung_Uebergangbereich_2024.pdf\">Anmeldung_Uebergangbereich_2024<\/a><a href=\"https:\/\/www.bvs-gms.de\/wp-content\/uploads\/2024\/03\/Anmeldung_Uebergangbereich_2024.pdf\" class=\"wp-block-file__button wp-element-button\" download aria-describedby=\"wp-block-file--media-f7fb972e-c399-43c5-b907-12310239bd4c\">Herunterladen<\/a><\/div>\n\n\n\n<p><\/p>\n\n\n\n<p>Anmeldung zur Beratung unter<\/p>\n\n\n\n<p>Tel.: 0800 4 555500<\/p>\n\n\n\n<p>oder<\/p>\n\n\n\n<p><a href=\"&#109;a&#x69;l&#x74;&#111;&#x3a;&#115;&#x74;&#117;t&#x74;g&#x61;&#114;&#x74;&#46;&#x31;&#53;&#x31;&#45;u&#x32;5&#x40;&#97;&#x72;&#98;&#x65;&#105;t&#x73;a&#x67;&#101;&#x6e;&#116;&#x75;&#114;&#x2e;&#100;e\">&#x73;t&#x75;&#116;&#x74;&#103;a&#x72;&#116;&#x2e;&#49;5&#x31;&#45;&#x75;&#50;5&#x40;a&#x72;&#98;&#x65;&#x69;t&#x73;&#97;&#x67;&#101;n&#x74;&#117;&#x72;&#46;d&#x65;<\/a><\/p>\n\n\n\n<p>Berufsberatung Stuttgart<\/p>\n\n\n\n<p>Nordbahnhofstra\u00dfe 30-34<\/p>\n\n\n\n<p>70191 Stuttgart<\/p>\n\n\n\n<p>(Linie U12, Haltestelle Milchhof \/ Agentur f\u00fcr Arbeit)<\/p>\n","protected":false},"excerpt":{"rendered":"<p>Sp\u00e4testens ab der neunten Klasse m\u00fcssen sich die Sch\u00fclerinnen und Sch\u00fcler \u00fcberlegen, wie es nach dem Hauptschulabschluss oder Realschulabschluss weiter gehen soll. Deshalb kooperiert die BvS mit Frau Wille von der Agentur f\u00fcr Arbeit. Sie ber\u00e4t unsere Sch\u00fclerinnen und Sch\u00fcler<\/p>\n","protected":false},"author":1,"featured_media":0,"parent":0,"menu_order":0,"comment_status":"closed","ping_status":"closed","template":"","meta":{"_monsterinsights_skip_tracking":false,"_monsterinsights_sitenote_active":false,"_monsterinsights_sitenote_note":"","_monsterinsights_sitenote_category":0,"footnotes":""},"class_list":["post-3593","page","type-page","status-publish","hentry"],"aioseo_notices":[],"_links":{"self":[{"href":"https:\/\/www.bvs-gms.de\/index.php?rest_route=\/wp\/v2\/pages\/3593","targetHints":{"allow":["GET"]}}],"collection":[{"href":"https:\/\/www.bvs-gms.de\/index.php?rest_route=\/wp\/v2\/pages"}],"about":[{"href":"https:\/\/www.bvs-gms.de\/index.php?rest_route=\/wp\/v2\/types\/page"}],"author":[{"embeddable":true,"href":"https:\/\/www.bvs-gms.de\/index.php?rest_route=\/wp\/v2\/users\/1"}],"replies":[{"embeddable":true,"href":"https:\/\/www.bvs-gms.de\/index.php?rest_route=%2Fwp%2Fv2%2Fcomments&post=3593"}],"version-history":[{"count":6,"href":"https:\/\/www.bvs-gms.de\/index.php?rest_route=\/wp\/v2\/pages\/3593\/revisions"}],"predecessor-version":[{"id":3829,"href":"https:\/\/www.bvs-gms.de\/index.php?rest_route=\/wp\/v2\/pages\/3593\/revisions\/3829"}],"wp:attachment":[{"href":"https:\/\/www.bvs-gms.de\/index.php?rest_route=%2Fwp%2Fv2%2Fmedia&parent=3593"}],"curies":[{"name":"wp","href":"https:\/\/api.w.org\/{rel}","templated":true}]}}