{"id":3187,"date":"2021-09-26T16:39:25","date_gmt":"2021-09-26T14:39:25","guid":{"rendered":"https:\/\/www.bvs-gms.de\/?page_id=3187"},"modified":"2026-03-18T10:13:33","modified_gmt":"2026-03-18T09:13:33","slug":"pruefungstermine-2","status":"publish","type":"page","link":"https:\/\/www.bvs-gms.de\/?page_id=3187","title":{"rendered":"Pr\u00fcfungstermine Schuljahr 2025\/2026"},"content":{"rendered":"\n<h3 class=\"wp-block-heading\">Die Termine der ordentlichen Realschulabschlusspr\u00fcfung und Pr\u00fcfungstermine f\u00fcr Schulfremde (RSAVO, GMSVO):<\/h3>\n\n\n\n<p><strong>Kommunikationspr\u00fcfung Englisch<\/strong><\/p>\n\n\n\n<p>Pr\u00fcfungszeitraum: 03.03.2026 bis 05.03.2026<\/p>\n\n\n\n<p><strong>Kommunikationspr\u00fcfung Franz\u00f6sisch<\/strong><\/p>\n\n\n\n<p>Pr\u00fcfungstag: 26.03.2026<\/p>\n\n\n\n<p><strong>Praktische Pr\u00fcfung AES\/Technik<\/strong><\/p>\n\n\n\n<p>Pr\u00fcfungszeitraum: 23.03.2026 bis 27.03.2026<br><\/p>\n\n\n\n<p><strong>Schriftliche Pr\u00fcfungen<\/strong><\/p>\n\n\n\n<p><strong>Haupttermin<\/strong><\/p>\n\n\n\n<ul class=\"wp-block-list\">\n<li>Deutsch: Freitag, 08.05.2026<\/li>\n\n\n\n<li>Mathematik: Dienstag, 12.05.2026<\/li>\n\n\n\n<li>Englisch (Pflichtfremdsprache): Dienstag, 19.05.2026<\/li>\n\n\n\n<li>Wahlpflichtfach: Donnerstag, 21.05.2026<\/li>\n<\/ul>\n\n\n\n<p><strong>Nachtermin<\/strong><\/p>\n\n\n\n<ul class=\"wp-block-list\">\n<li>Deutsch: Dienstag, 16.06.2026<\/li>\n\n\n\n<li>Mathematik: Mittwoch, 17.06.2026<\/li>\n\n\n\n<li>Englisch (Pflichtfremdsprache): Donnerstag, 18.06.2026<\/li>\n\n\n\n<li>Wahlpflichtfach: Freitag, 19.06.2026<\/li>\n<\/ul>\n\n\n\n<p><strong>M\u00fcndliche Pr\u00fcfungen<\/strong><\/p>\n\n\n\n<p>Die m\u00fcndlichen Pr\u00fcfungen (nach Wahl Mathe oder Deutsch) finden zwischen <strong>Montag, dem 06.07.2026 und Freitag, den 10.07.2026<\/strong> statt.<br><\/p>\n\n\n\n<h3 class=\"wp-block-heading\">Hauptschulabschlusspr\u00fcfung und Hauptschulabschlusspr\u00fcfung f\u00fcr Schulfremde (HSAPO):<\/h3>\n\n\n\n<p id=\"block-72027513-702a-423e-8f40-eb6d3544670d\"><strong>Kommunikationspr\u00fcfung Englisch<\/strong><\/p>\n\n\n\n<p id=\"block-1cb4330f-8a18-425a-ac1a-8bd6042d66d0\">Pr\u00fcfungszeitraum: 10.03.2026 bis 11.03.2026<\/p>\n\n\n\n<p id=\"block-06fbbf9a-dffb-49a8-b8bd-2c2f37117123\"><strong>Kommunikationspr\u00fcfung Franz\u00f6sisch<\/strong><\/p>\n\n\n\n<p id=\"block-03a8185f-e999-465c-8014-6347083bc836\">Pr\u00fcfungstag: 19.03.2026<br><\/p>\n\n\n\n<p id=\"block-ec9687f9-657b-4d58-8fe8-531af23a8715\"><strong>Schriftliche Pr\u00fcfungen<\/strong><\/p>\n\n\n\n<p id=\"block-8d43ba8f-2335-43d9-8043-33439b3f6f8f\"><strong>Haupttermin<\/strong><\/p>\n\n\n\n<ul id=\"block-7745ebc9-ff56-422a-a09f-75d8fffb053c\" class=\"wp-block-list\">\n<li>Deutsch: Freitag, 08.05.2026<\/li>\n\n\n\n<li>Mathematik: Dienstag, 12.05.2026<\/li>\n\n\n\n<li>Englisch (Pflichtfremdsprache): Dienstag, 19.05.2026<\/li>\n\n\n\n<li>Wahlpflichtfach: Donnerstag, 21.05.2026<\/li>\n<\/ul>\n\n\n\n<p id=\"block-1e6a38db-492e-4f78-8f4a-5d888e1e2cd3\"><strong>Nachtermin<\/strong><\/p>\n\n\n\n<ul id=\"block-38dd4a26-000a-4caa-9390-2faf7e94e27c\" class=\"wp-block-list\">\n<li>Deutsch: Dienstag, 16.06.2026<\/li>\n\n\n\n<li>Mathematik: Mittwoch, 17.06.2026<\/li>\n\n\n\n<li>Englisch (Pflichtfremdsprache): Donnerstag, 18.06.2026<\/li>\n\n\n\n<li>Wahlpflichtfach: Freitag, 19.06.2026<\/li>\n<\/ul>\n","protected":false},"excerpt":{"rendered":"<p>Die Termine der ordentlichen Realschulabschlusspr\u00fcfung und Pr\u00fcfungstermine f\u00fcr Schulfremde (RSAVO, GMSVO): Kommunikationspr\u00fcfung Englisch Pr\u00fcfungszeitraum: 03.03.2026 bis 05.03.2026 Kommunikationspr\u00fcfung Franz\u00f6sisch Pr\u00fcfungstag: 26.03.2026 Praktische Pr\u00fcfung AES\/Technik Pr\u00fcfungszeitraum: 23.03.2026 bis 27.03.2026 Schriftliche Pr\u00fcfungen Haupttermin Nachtermin M\u00fcndliche Pr\u00fcfungen Die m\u00fcndlichen Pr\u00fcfungen (nach Wahl Mathe<\/p>\n","protected":false},"author":1,"featured_media":0,"parent":0,"menu_order":0,"comment_status":"closed","ping_status":"closed","template":"","meta":{"_monsterinsights_skip_tracking":false,"_monsterinsights_sitenote_active":false,"_monsterinsights_sitenote_note":"","_monsterinsights_sitenote_category":0,"footnotes":""},"class_list":["post-3187","page","type-page","status-publish","hentry"],"aioseo_notices":[],"_links":{"self":[{"href":"https:\/\/www.bvs-gms.de\/index.php?rest_route=\/wp\/v2\/pages\/3187","targetHints":{"allow":["GET"]}}],"collection":[{"href":"https:\/\/www.bvs-gms.de\/index.php?rest_route=\/wp\/v2\/pages"}],"about":[{"href":"https:\/\/www.bvs-gms.de\/index.php?rest_route=\/wp\/v2\/types\/page"}],"author":[{"embeddable":true,"href":"https:\/\/www.bvs-gms.de\/index.php?rest_route=\/wp\/v2\/users\/1"}],"replies":[{"embeddable":true,"href":"https:\/\/www.bvs-gms.de\/index.php?rest_route=%2Fwp%2Fv2%2Fcomments&post=3187"}],"version-history":[{"count":23,"href":"https:\/\/www.bvs-gms.de\/index.php?rest_route=\/wp\/v2\/pages\/3187\/revisions"}],"predecessor-version":[{"id":4211,"href":"https:\/\/www.bvs-gms.de\/index.php?rest_route=\/wp\/v2\/pages\/3187\/revisions\/4211"}],"wp:attachment":[{"href":"https:\/\/www.bvs-gms.de\/index.php?rest_route=%2Fwp%2Fv2%2Fmedia&parent=3187"}],"curies":[{"name":"wp","href":"https:\/\/api.w.org\/{rel}","templated":true}]}}