{"id":316,"date":"2018-03-01T22:07:29","date_gmt":"2018-03-01T21:07:29","guid":{"rendered":"https:\/\/berthavonsuttner.wordpress.com\/?page_id=316"},"modified":"2026-02-06T12:56:43","modified_gmt":"2026-02-06T11:56:43","slug":"schulsozialarbeit","status":"publish","type":"page","link":"https:\/\/www.bvs-gms.de\/?page_id=316","title":{"rendered":"Schulsozialarbeit"},"content":{"rendered":"\n<p>Liebe Eltern, Jugendliche und Kinder,<\/p>\n\n\n\n<div class=\"wp-block-group is-nowrap is-layout-flex wp-container-core-group-is-layout-6c531013 wp-block-group-is-layout-flex\">\n<div class=\"wp-block-group is-layout-constrained wp-block-group-is-layout-constrained\">\n<p>ich m\u00f6chte mich an dieser Stelle gerne bei Ihnen und Euch vorstellen und \u00fcber meine Arbeit an der Bertha-von-Suttner Schule informieren. Ich hei\u00dfe Pascal Matuschek und bin Schulsozialarbeiter an der Schule.<br><br>Schulsozialarbeit ist ein Beratungsangebot f\u00fcr alle Sch\u00fclerinnen und Sch\u00fcler, Eltern sowie f\u00fcr das Lehrerkollegium. Dabei kooperieren wir mit der Schulleitung, den Lehrerinnen und Lehrern sowie mit dem Caritasverband Stuttgart e.V., unserem Arbeitgeber. Ein Gespr\u00e4ch mit uns ist freiwillig und vertraulich.<\/p>\n<\/div>\n\n\n\n<figure class=\"wp-block-image size-full is-resized is-style-default\"><img loading=\"lazy\" decoding=\"async\" width=\"1177\" height=\"1600\" src=\"https:\/\/www.bvs-gms.de\/wp-content\/uploads\/2026\/02\/threema-20251023-155147263.jpg\" alt=\"\" class=\"wp-image-4138\" style=\"object-fit:cover;width:200px\" srcset=\"https:\/\/www.bvs-gms.de\/wp-content\/uploads\/2026\/02\/threema-20251023-155147263.jpg 1177w, https:\/\/www.bvs-gms.de\/wp-content\/uploads\/2026\/02\/threema-20251023-155147263-221x300.jpg 221w, https:\/\/www.bvs-gms.de\/wp-content\/uploads\/2026\/02\/threema-20251023-155147263-753x1024.jpg 753w, https:\/\/www.bvs-gms.de\/wp-content\/uploads\/2026\/02\/threema-20251023-155147263-768x1044.jpg 768w, https:\/\/www.bvs-gms.de\/wp-content\/uploads\/2026\/02\/threema-20251023-155147263-1130x1536.jpg 1130w\" sizes=\"auto, (max-width: 1177px) 100vw, 1177px\" \/><\/figure>\n<\/div>\n\n\n\n<p>Meine Aufgaben sind, Ansprechpartner f\u00fcr alle Belange der <strong>Sch\u00fclerinnen und Sch\u00fcler<\/strong> zu sein, z.B.:<br>&#8211; Begleitung beim Schul\u00fcbergang<br>&#8211; Beratung bei Schulschwierigkeiten<br>&#8211; bei Problemen mit Freunden, Eltern, Lehrer*innen<br>&#8211; im Umgang mit Konflikten<br>&#8211; Hilfe bei der Berufsfindung<\/p>\n\n\n\n<p>Aber auch Ihnen als <strong>Eltern<\/strong> biete ich Unterst\u00fctzung an, z.B. wenn Sie sich aus unterschiedlichsten Gr\u00fcnden Sorgen um Ihr Kind machen oder Fragen zur Erziehung haben, beispielsweise im richtigen Umgang mit Internet, Handy und Co.<\/p>\n\n\n\n<p>Des Weiteren arbeite ich auch mit einzelnen Klassen. Ziel hierbei ist es, den Klassenverband zu st\u00e4rken, soziales Verhalten zu trainieren sowie pr\u00e4ventiv altersspezifische Themen zu bearbeiten.<\/p>\n\n\n\n<p>Neben der T\u00e4tigkeit an der Schule bin ich ebenfalls in der Mobilen Jugendarbeit im Stadtteil Freiberg t\u00e4tig, so dass wir auch \u00fcber den Schulkontext hinaus im Nachmittagsbereich Kontakt zu den Sch\u00fcler*innen aufbauen <strong>und au\u00dferdem im Gemeinwesen aktiv sind.<\/strong><\/p>\n\n\n\n<p>Ich freue mich auf eine gemeinsame Zeit und Zusammenarbeit mit Ihnen und den Sch\u00fclerinnen und Sch\u00fclern!<\/p>\n\n\n\n<p>Mit freundlichen Gr\u00fc\u00dfen<\/p>\n\n\n\n<p>Pascal Matuschek<\/p>\n\n\n\n<p><br><br><strong><u>Kontaktdaten:<\/u><\/strong><\/p>\n\n\n\n<p>Pascal Matuschek<\/p>\n\n\n\n<p>Mobil: 0176 18107085<\/p>\n\n\n\n<p><a href=\"&#109;a&#x69;l&#x74;o&#x3a;p&#x2e;&#109;&#x61;&#116;&#x75;&#115;&#x63;&#104;e&#107;&#64;&#x63;a&#x72;i&#x74;&#97;&#x73;&#45;&#x73;&#116;&#x75;&#116;&#x74;&#103;a&#114;t&#x2e;d&#x65;\">&#112;&#x2e;m&#x61;&#x74;&#117;&#x73;c&#104;&#x65;&#107;&#x40;c&#97;&#x72;i&#x74;a&#115;&#x2d;s&#x74;&#x75;&#116;&#x74;g&#97;&#x72;&#116;&#x2e;d&#101;<\/a><\/p>\n\n\n\n<p><br><\/p>\n\n\n\n<p><strong><u>Offenes B\u00fcro:<\/u><\/strong><\/p>\n\n\n\n<p>Unsere Sprechzeiten f\u00fcr Sch\u00fcler, Lehrkr\u00e4fte und Eltern<\/p>\n\n\n\n<p>Montag&nbsp;&nbsp;&nbsp;&nbsp;&nbsp;&nbsp;&nbsp;&nbsp;&nbsp;&nbsp;&nbsp;&nbsp;&nbsp;&nbsp;9.00 Uhr \u2013 14.00 Uhr<\/p>\n\n\n\n<p>Dienstag&nbsp;&nbsp;&nbsp;&nbsp;&nbsp;&nbsp;&nbsp;&nbsp;&nbsp;11.00 Uhr \u2013 13.00 Uhr<\/p>\n\n\n\n<p>Donnerstag&nbsp;&nbsp;&nbsp;&nbsp;&nbsp;9.00 Uhr \u2013 13.00 Uhr<\/p>\n\n\n\n<p>Freitag&nbsp;&nbsp;&nbsp;&nbsp;&nbsp;&nbsp;&nbsp;&nbsp;&nbsp;&nbsp;&nbsp;&nbsp;&nbsp;&nbsp;&nbsp;&nbsp;9.00 Uhr \u2013 13.00 Uhr<\/p>\n","protected":false},"excerpt":{"rendered":"<p>Liebe Eltern, Jugendliche und Kinder, ich m\u00f6chte mich an dieser Stelle gerne bei Ihnen und Euch vorstellen und \u00fcber meine Arbeit an der Bertha-von-Suttner Schule informieren. Ich hei\u00dfe Pascal Matuschek und bin Schulsozialarbeiter an der Schule. Schulsozialarbeit ist ein Beratungsangebot<\/p>\n","protected":false},"author":1,"featured_media":0,"parent":0,"menu_order":0,"comment_status":"closed","ping_status":"closed","template":"","meta":{"_monsterinsights_skip_tracking":false,"_monsterinsights_sitenote_active":false,"_monsterinsights_sitenote_note":"","_monsterinsights_sitenote_category":0,"footnotes":""},"class_list":["post-316","page","type-page","status-publish","hentry"],"aioseo_notices":[],"_links":{"self":[{"href":"https:\/\/www.bvs-gms.de\/index.php?rest_route=\/wp\/v2\/pages\/316","targetHints":{"allow":["GET"]}}],"collection":[{"href":"https:\/\/www.bvs-gms.de\/index.php?rest_route=\/wp\/v2\/pages"}],"about":[{"href":"https:\/\/www.bvs-gms.de\/index.php?rest_route=\/wp\/v2\/types\/page"}],"author":[{"embeddable":true,"href":"https:\/\/www.bvs-gms.de\/index.php?rest_route=\/wp\/v2\/users\/1"}],"replies":[{"embeddable":true,"href":"https:\/\/www.bvs-gms.de\/index.php?rest_route=%2Fwp%2Fv2%2Fcomments&post=316"}],"version-history":[{"count":19,"href":"https:\/\/www.bvs-gms.de\/index.php?rest_route=\/wp\/v2\/pages\/316\/revisions"}],"predecessor-version":[{"id":4147,"href":"https:\/\/www.bvs-gms.de\/index.php?rest_route=\/wp\/v2\/pages\/316\/revisions\/4147"}],"wp:attachment":[{"href":"https:\/\/www.bvs-gms.de\/index.php?rest_route=%2Fwp%2Fv2%2Fmedia&parent=316"}],"curies":[{"name":"wp","href":"https:\/\/api.w.org\/{rel}","templated":true}]}}