{"id":1165,"date":"2019-10-21T10:46:53","date_gmt":"2019-10-21T08:46:53","guid":{"rendered":"http:\/\/bvs-gms.com\/?page_id=1165"},"modified":"2019-10-21T10:46:53","modified_gmt":"2019-10-21T08:46:53","slug":"berufsorientierung","status":"publish","type":"page","link":"https:\/\/www.bvs-gms.de\/?page_id=1165","title":{"rendered":"Berufsorientierung"},"content":{"rendered":"<p>Die Berufsorientierung ist ein wichtiger Teil im Leben der noch jungen Erwachsenen. Herr Hartje und Frau Z\u00f6rlein haben sich an der BvS diesem Thema mit viel Engagement gewidmet. In k\u00fcrze wird auch auf unserer Homepage mehr dar\u00fcber berichtet. Sollten Sie bereits jetzt Fragen haben, so wenden Sie sich bitte an die oben genannten Kollegen.<\/p>\n<div id='gallery-1' class='gallery galleryid-1165 gallery-columns-3 gallery-size-medium'><figure class='gallery-item'>\n\t\t\t<div class='gallery-icon landscape'>\n\t\t\t\t<a href='https:\/\/www.bvs-gms.de\/?attachment_id=1174'><img loading=\"lazy\" decoding=\"async\" width=\"300\" height=\"200\" src=\"https:\/\/www.bvs-gms.de\/wp-content\/uploads\/2019\/10\/cutting-wood-2146507_960_720-300x200.jpg\" class=\"attachment-medium size-medium\" alt=\"\" srcset=\"https:\/\/www.bvs-gms.de\/wp-content\/uploads\/2019\/10\/cutting-wood-2146507_960_720-300x200.jpg 300w, https:\/\/www.bvs-gms.de\/wp-content\/uploads\/2019\/10\/cutting-wood-2146507_960_720-768x512.jpg 768w, https:\/\/www.bvs-gms.de\/wp-content\/uploads\/2019\/10\/cutting-wood-2146507_960_720.jpg 960w\" sizes=\"auto, (max-width: 300px) 100vw, 300px\" \/><\/a>\n\t\t\t<\/div><\/figure><figure class='gallery-item'>\n\t\t\t<div class='gallery-icon landscape'>\n\t\t\t\t<a href='https:\/\/www.bvs-gms.de\/?attachment_id=1177'><img loading=\"lazy\" decoding=\"async\" width=\"300\" height=\"200\" src=\"https:\/\/www.bvs-gms.de\/wp-content\/uploads\/2019\/10\/writing-1149962_960_720-300x200.jpg\" class=\"attachment-medium size-medium\" alt=\"\" srcset=\"https:\/\/www.bvs-gms.de\/wp-content\/uploads\/2019\/10\/writing-1149962_960_720-300x200.jpg 300w, https:\/\/www.bvs-gms.de\/wp-content\/uploads\/2019\/10\/writing-1149962_960_720-768x512.jpg 768w, https:\/\/www.bvs-gms.de\/wp-content\/uploads\/2019\/10\/writing-1149962_960_720.jpg 960w\" sizes=\"auto, (max-width: 300px) 100vw, 300px\" \/><\/a>\n\t\t\t<\/div><\/figure><figure class='gallery-item'>\n\t\t\t<div class='gallery-icon landscape'>\n\t\t\t\t<a href='https:\/\/www.bvs-gms.de\/?attachment_id=1176'><img loading=\"lazy\" decoding=\"async\" width=\"300\" height=\"200\" src=\"https:\/\/www.bvs-gms.de\/wp-content\/uploads\/2019\/10\/kitchen-731351_960_720-300x200.jpg\" class=\"attachment-medium size-medium\" alt=\"\" srcset=\"https:\/\/www.bvs-gms.de\/wp-content\/uploads\/2019\/10\/kitchen-731351_960_720-300x200.jpg 300w, https:\/\/www.bvs-gms.de\/wp-content\/uploads\/2019\/10\/kitchen-731351_960_720-768x512.jpg 768w, https:\/\/www.bvs-gms.de\/wp-content\/uploads\/2019\/10\/kitchen-731351_960_720.jpg 960w\" sizes=\"auto, (max-width: 300px) 100vw, 300px\" \/><\/a>\n\t\t\t<\/div><\/figure><figure class='gallery-item'>\n\t\t\t<div class='gallery-icon landscape'>\n\t\t\t\t<a href='https:\/\/www.bvs-gms.de\/?attachment_id=1175'><img loading=\"lazy\" decoding=\"async\" width=\"300\" height=\"199\" src=\"https:\/\/www.bvs-gms.de\/wp-content\/uploads\/2019\/10\/handshake-2056023_960_720-300x199.jpg\" class=\"attachment-medium size-medium\" alt=\"\" srcset=\"https:\/\/www.bvs-gms.de\/wp-content\/uploads\/2019\/10\/handshake-2056023_960_720-300x199.jpg 300w, https:\/\/www.bvs-gms.de\/wp-content\/uploads\/2019\/10\/handshake-2056023_960_720-768x510.jpg 768w, https:\/\/www.bvs-gms.de\/wp-content\/uploads\/2019\/10\/handshake-2056023_960_720.jpg 960w\" sizes=\"auto, (max-width: 300px) 100vw, 300px\" \/><\/a>\n\t\t\t<\/div><\/figure>\n\t\t<\/div>\n\n","protected":false},"excerpt":{"rendered":"<p>Die Berufsorientierung ist ein wichtiger Teil im Leben der noch jungen Erwachsenen. Herr Hartje und Frau Z\u00f6rlein haben sich an der BvS diesem Thema mit viel Engagement gewidmet. In k\u00fcrze wird auch auf unserer Homepage mehr dar\u00fcber berichtet. Sollten Sie<\/p>\n","protected":false},"author":1,"featured_media":0,"parent":0,"menu_order":0,"comment_status":"closed","ping_status":"closed","template":"","meta":{"_monsterinsights_skip_tracking":false,"_monsterinsights_sitenote_active":false,"_monsterinsights_sitenote_note":"","_monsterinsights_sitenote_category":0,"footnotes":""},"class_list":["post-1165","page","type-page","status-publish","hentry"],"aioseo_notices":[],"_links":{"self":[{"href":"https:\/\/www.bvs-gms.de\/index.php?rest_route=\/wp\/v2\/pages\/1165","targetHints":{"allow":["GET"]}}],"collection":[{"href":"https:\/\/www.bvs-gms.de\/index.php?rest_route=\/wp\/v2\/pages"}],"about":[{"href":"https:\/\/www.bvs-gms.de\/index.php?rest_route=\/wp\/v2\/types\/page"}],"author":[{"embeddable":true,"href":"https:\/\/www.bvs-gms.de\/index.php?rest_route=\/wp\/v2\/users\/1"}],"replies":[{"embeddable":true,"href":"https:\/\/www.bvs-gms.de\/index.php?rest_route=%2Fwp%2Fv2%2Fcomments&post=1165"}],"version-history":[{"count":0,"href":"https:\/\/www.bvs-gms.de\/index.php?rest_route=\/wp\/v2\/pages\/1165\/revisions"}],"wp:attachment":[{"href":"https:\/\/www.bvs-gms.de\/index.php?rest_route=%2Fwp%2Fv2%2Fmedia&parent=1165"}],"curies":[{"name":"wp","href":"https:\/\/api.w.org\/{rel}","templated":true}]}}